{"id":178,"date":"2014-11-11T12:44:37","date_gmt":"2014-11-11T10:44:37","guid":{"rendered":"http:\/\/www.linie7.com\/linie7_cms\/?page_id=178"},"modified":"2025-07-02T15:09:38","modified_gmt":"2025-07-02T13:09:38","slug":"oeffnungszeiten","status":"publish","type":"page","link":"https:\/\/www.linie7.com\/linie7_cms\/oeffnungszeiten\/","title":{"rendered":"\u00d6ffnungszeiten"},"content":{"rendered":"<h1 style=\"text-align: center;\"><strong>Wir haben t\u00e4glich von 10 Uhr bis 22 Uhr ge\u00f6ffnet!<\/strong><\/h1>\n<h4 style=\"text-align: center;\"><strong>vom 8. Juli 2025 bis zum 9. Oktober 2025, Dienstags und Donnerstags auch wieder bis 23 Uhr!<\/strong><\/h4>\n<h6>Am Wochenende ist jeden Samstag und Sonntag bis 14:15 Uhr &#8222;Kindergeburtstagszeit&#8220;. Beachtet bitte, dass es in dieser Zeit laut, recht voll und quirllig werden kann. Danke f\u00fcr euer verst\u00e4ndnis!<\/h6>\n<p>F\u00fcr gew\u00f6hnlich haben wir auch an gesetzlichen Feiertagen ge\u00f6ffnet. Wenn ggf. abweichende \u00d6ffnungszeiten gelten, werden die zeitnah auf der Hauptseite erscheinen. Ebenso kann unsere Halle kurz vor Wettk\u00e4mpfen mal geschlossen oder nur eingeschr\u00e4nkt nutzbar sein &#8211; auch hier halten wir euch auf der Hauptseite auf dem laufenden. In der Regeln haben wir aber von 10 Uhr bis 22 Uhr ge\u00f6ffnet.<\/p>\n<p><!-- An den Wochenenden finden in der Zeit von 10:00-14:00 Uhr Kindergeburtstage statt.\n--><\/p>\n<p>Jugendliche und Kinder brauchen eine unterschriebene Einverst\u00e4ndniserkl\u00e4rung der Erziehungsberechtigten oder Aufsichtspflichtigen zu finden unter <a title=\"Formulare\" href=\"http:\/\/www.linie7.com\/linie7_cms\/?page_id=183\">Formulare<\/a>.<\/p>\n<p>\u00c4nderungen der Zeiten bleiben vorbehalten.<\/p>\n","protected":false},"excerpt":{"rendered":"<p>Wir haben t\u00e4glich von 10 Uhr bis 22 Uhr ge\u00f6ffnet! vom 8. Juli 2025 bis zum 9. Oktober 2025, Dienstags und Donnerstags auch wieder bis 23 Uhr! Am Wochenende ist jeden Samstag und Sonntag bis 14:15 Uhr &#8222;Kindergeburtstagszeit&#8220;. Beachtet bitte, dass es in dieser Zeit laut, recht voll und quirllig werden kann. Danke f\u00fcr euer [&hellip;]<\/p>\n","protected":false},"author":1,"featured_media":0,"parent":0,"menu_order":0,"comment_status":"closed","ping_status":"closed","template":"","meta":{"footnotes":""},"_links":{"self":[{"href":"https:\/\/www.linie7.com\/linie7_cms\/wp-json\/wp\/v2\/pages\/178"}],"collection":[{"href":"https:\/\/www.linie7.com\/linie7_cms\/wp-json\/wp\/v2\/pages"}],"about":[{"href":"https:\/\/www.linie7.com\/linie7_cms\/wp-json\/wp\/v2\/types\/page"}],"author":[{"embeddable":true,"href":"https:\/\/www.linie7.com\/linie7_cms\/wp-json\/wp\/v2\/users\/1"}],"replies":[{"embeddable":true,"href":"https:\/\/www.linie7.com\/linie7_cms\/wp-json\/wp\/v2\/comments?post=178"}],"version-history":[{"count":15,"href":"https:\/\/www.linie7.com\/linie7_cms\/wp-json\/wp\/v2\/pages\/178\/revisions"}],"predecessor-version":[{"id":4871,"href":"https:\/\/www.linie7.com\/linie7_cms\/wp-json\/wp\/v2\/pages\/178\/revisions\/4871"}],"wp:attachment":[{"href":"https:\/\/www.linie7.com\/linie7_cms\/wp-json\/wp\/v2\/media?parent=178"}],"curies":[{"name":"wp","href":"https:\/\/api.w.org\/{rel}","templated":true}]}}