{"id":183,"date":"2014-11-11T12:46:47","date_gmt":"2014-11-11T10:46:47","guid":{"rendered":"http:\/\/www.linie7.com\/linie7_cms\/?page_id=183"},"modified":"2022-11-17T19:37:36","modified_gmt":"2022-11-17T17:37:36","slug":"download","status":"publish","type":"page","link":"https:\/\/www.linie7.com\/linie7_cms\/download\/","title":{"rendered":"Formulare"},"content":{"rendered":"<ul>\n<li><a href=\"https:\/\/drive.google.com\/file\/d\/1CQC13mPU_fLbNFLFlfcpk700Tr80lHxp\/view?usp=sharing\" target=\"_blank\" rel=\"noopener noreferrer\">Einverst\u00e4ndniserkl\u00e4rung des Aufsichtspflichtigen, Sorge- und Erziehungsberechtigten<\/a><\/li>\n<li><a href=\"https:\/\/drive.google.com\/file\/d\/12CFBmkVIVsZ02jA3YOHAI-esajKvYIb7\/view?usp=sharing\">Formular f\u00fcr Schulgruppen<\/a><\/li>\n<li><a href=\"https:\/\/drive.google.com\/file\/d\/1V0PVcdOGdQEJq3bAh6eV0Da2BlajrHv2\/view?usp=sharing\">Formular f\u00fcr Kindergeburtstage<\/a><\/li>\n<\/ul>\n<p>Noch mehr Informationen?<\/p>\n<p>Tel.: 0421\/577 30 327<\/p>\n<p><a href=\"mailto:ichhabnefrage@linie7.com\">Info@linie7.com<\/a><\/p>\n","protected":false},"excerpt":{"rendered":"<p>Einverst\u00e4ndniserkl\u00e4rung des Aufsichtspflichtigen, Sorge- und Erziehungsberechtigten Formular f\u00fcr Schulgruppen Formular f\u00fcr Kindergeburtstage Noch mehr Informationen? Tel.: 0421\/577 30 327 Info@linie7.com<\/p>\n","protected":false},"author":1,"featured_media":0,"parent":0,"menu_order":0,"comment_status":"closed","ping_status":"closed","template":"","meta":{"footnotes":""},"_links":{"self":[{"href":"https:\/\/www.linie7.com\/linie7_cms\/wp-json\/wp\/v2\/pages\/183"}],"collection":[{"href":"https:\/\/www.linie7.com\/linie7_cms\/wp-json\/wp\/v2\/pages"}],"about":[{"href":"https:\/\/www.linie7.com\/linie7_cms\/wp-json\/wp\/v2\/types\/page"}],"author":[{"embeddable":true,"href":"https:\/\/www.linie7.com\/linie7_cms\/wp-json\/wp\/v2\/users\/1"}],"replies":[{"embeddable":true,"href":"https:\/\/www.linie7.com\/linie7_cms\/wp-json\/wp\/v2\/comments?post=183"}],"version-history":[{"count":13,"href":"https:\/\/www.linie7.com\/linie7_cms\/wp-json\/wp\/v2\/pages\/183\/revisions"}],"predecessor-version":[{"id":4075,"href":"https:\/\/www.linie7.com\/linie7_cms\/wp-json\/wp\/v2\/pages\/183\/revisions\/4075"}],"wp:attachment":[{"href":"https:\/\/www.linie7.com\/linie7_cms\/wp-json\/wp\/v2\/media?parent=183"}],"curies":[{"name":"wp","href":"https:\/\/api.w.org\/{rel}","templated":true}]}}