{"id":2590,"date":"2019-04-23T12:32:18","date_gmt":"2019-04-23T10:32:18","guid":{"rendered":"https:\/\/www.linie7.com\/linie7_cms\/?page_id=2590"},"modified":"2026-02-16T11:37:12","modified_gmt":"2026-02-16T09:37:12","slug":"boulder-geburtstage","status":"publish","type":"page","link":"https:\/\/www.linie7.com\/linie7_cms\/boulder-geburtstage\/","title":{"rendered":"Schulbesuche"},"content":{"rendered":"\n<h2 class=\"wp-block-heading\"><\/h2>\n\n\n\n\n\n\n\n\n\n\n\n<h2 class=\"wp-block-heading\">Schulsport<\/h2>\n\n\n\n\n\nLehrer*innen k\u00f6nnen vormittags einen zweist\u00fcndigen Bouldertermin (in unserer gro\u00dfen Halle) inklusive Trainer*in f\u00fcr ihre Schulklassen per Mail an info (at) linie7.com bei uns buchen. Diese Mail muss folgende Informationen enthalten:\n\n\n\n\n\n<ul>\n<li>Name der Schule:<\/li>\n\n\n\n<li>Name des\/der Ansprechpartner*in:<\/li>\n\n\n\n<li>Telefonnummer:<\/li>\n\n\n\n<li>Alter und Anzahl der Kinder :<\/li>\n\n\n\n<li>Anzahl der Betreuer:innen (je eine:e f\u00fcr 12 Kinder):<\/li>\n\n\n\n<li>Wunschtermin(e):<\/li>\n<\/ul>\n\n\n\n<p>Die m\u00f6glichen Termine sind immer Mo-Fr:<\/p>\n\n\n\n<ul>\n<li>10 Uhr &#8211; 12 Uhr<\/li>\n\n\n\n<li>12:15 Uhr &#8211; 14:15 Uhr<\/li>\n<\/ul>\n\n\n\n<p>Die <strong>Kosten<\/strong> berechnen sich je nach der Anzahl der Sch\u00fcler*innen. <strong>Pro Sch\u00fcler*in<\/strong> berechnen wir <strong>11,- \u20ac<\/strong>. Darin enthalten ist ein <strong>2-st\u00fcndiges Programm inkl. Trainer<\/strong>. Ein Trainer von uns \u00fcbernimmt die <em>Anleitung <\/em>f\u00fcr Boulderspiele und -techniken f\u00fcr beliebig viele Sch\u00fcler*innen, kann jedoch nur 12 Sch\u00fcler*innen <em>beaufsichtigen<\/em>. Unser Trainer muss daher bei mehr Sch\u00fcler*innen von Lehrkr\u00e4ften in der Aufsicht unterst\u00fctzt werden. Alternativ k\u00f6nnen weitere Trainer f\u00fcr jeweils 30,- \u20ac\/Std. dazugebucht werden, welche jeweils f\u00fcr je 12 weitere Sch\u00fcler*innen die Aufsicht \u00fcbernehmen k\u00f6nnen. Hat die betreuende Lehrkraft eine Lehrerschulung \u00fcber das LIS oder eine vergleichbare Ausbildung absolviert, kann der Trainer von uns komplett entfallen und der Preis pro Sch\u00fcler*in reduziert sich auf 10\u20ac.\u00a0<\/p>\n\n\n\n<p>Beachtet bitte, dass bei Nichtnutzung eines best\u00e4tigten Termins eine <strong>Ausfallpauschale iHv 40,- EUR<\/strong> entsteht. <\/p>\n\n\n\n\n\n\n\n\n\n<p><\/p>\n","protected":false},"excerpt":{"rendered":"<p>Schulsport Lehrer*innen k\u00f6nnen vormittags einen zweist\u00fcndigen Bouldertermin (in unserer gro\u00dfen Halle) inklusive Trainer*in f\u00fcr ihre Schulklassen per Mail an info (at) linie7.com bei uns buchen. Diese Mail muss folgende Informationen enthalten: Die m\u00f6glichen Termine sind immer Mo-Fr: Die Kosten berechnen sich je nach der Anzahl der Sch\u00fcler*innen. Pro Sch\u00fcler*in berechnen wir 11,- \u20ac. Darin enthalten [&hellip;]<\/p>\n","protected":false},"author":2,"featured_media":0,"parent":0,"menu_order":0,"comment_status":"closed","ping_status":"closed","template":"","meta":{"footnotes":""},"_links":{"self":[{"href":"https:\/\/www.linie7.com\/linie7_cms\/wp-json\/wp\/v2\/pages\/2590"}],"collection":[{"href":"https:\/\/www.linie7.com\/linie7_cms\/wp-json\/wp\/v2\/pages"}],"about":[{"href":"https:\/\/www.linie7.com\/linie7_cms\/wp-json\/wp\/v2\/types\/page"}],"author":[{"embeddable":true,"href":"https:\/\/www.linie7.com\/linie7_cms\/wp-json\/wp\/v2\/users\/2"}],"replies":[{"embeddable":true,"href":"https:\/\/www.linie7.com\/linie7_cms\/wp-json\/wp\/v2\/comments?post=2590"}],"version-history":[{"count":57,"href":"https:\/\/www.linie7.com\/linie7_cms\/wp-json\/wp\/v2\/pages\/2590\/revisions"}],"predecessor-version":[{"id":5046,"href":"https:\/\/www.linie7.com\/linie7_cms\/wp-json\/wp\/v2\/pages\/2590\/revisions\/5046"}],"wp:attachment":[{"href":"https:\/\/www.linie7.com\/linie7_cms\/wp-json\/wp\/v2\/media?parent=2590"}],"curies":[{"name":"wp","href":"https:\/\/api.w.org\/{rel}","templated":true}]}}