{"id":3121,"date":"2020-05-22T17:34:05","date_gmt":"2020-05-22T15:34:05","guid":{"rendered":"https:\/\/www.linie7.com\/linie7_cms\/?page_id=3121"},"modified":"2022-04-01T16:28:38","modified_gmt":"2022-04-01T14:28:38","slug":"hygienekonzept","status":"publish","type":"page","link":"https:\/\/www.linie7.com\/linie7_cms\/hygienekonzept\/","title":{"rendered":"Hygienekonzept"},"content":{"rendered":"\n<p><strong>Ab 2.4.22 f\u00e4llt bei uns die Maskenpflicht sowie 3G weg!<\/strong> Wir <em>empfehlen<\/em> trotzdem das tragen einer mindestens medizinischen Maske und begr\u00fc\u00dfen ein freiwilliges Testen, sowie einen verantwortungsvollen Umgang mit der Situation!<\/p>\n\n\n\n<p>&#8212;&#8212;&#8212;&#8212;&#8212;&#8212;&#8212;&#8212;&#8212;&#8212;&#8212;&#8212;&#8212;&#8212;&#8212;&#8212;&#8212;&#8212;&#8212;&#8212;&#8212;&#8212;&#8212;&#8212;&#8212;&#8212;&#8212;&#8212;&#8212;&#8212;&#8212;&#8212;&#8212;&#8212;&#8212;&#8212;&#8212;&#8212;&#8212;&#8212;&#8212;&#8212;&#8212;&#8212;&#8212;&#8212;&#8212;&#8212;&#8212;&#8212;&#8212;&#8212;&#8212;&#8212;&#8211;<\/p>\n\n\n\n<p>Wir halten uns an die Vorgaben der Stadt Bremen und deren Warnstufen Modell. <\/p>\n\n\n\n<p><strong>Achtung,<em> ab 04.03.22<\/em> gilt bei uns wieder die 3G Regel!<\/strong> Weist zuerst euren 3G Status am Tresen nach, dass hei\u00dft: g\u00fcltig geimpft, g\u00fcltig genesen oder negativ getestet! Nachdem wir euren 3G Status und eure Kontaktdaten (das geschieht mit dem normalen check-in; kein Luca oder Bremen Gast erforderlich) erfasst haben, d\u00fcrft ihr s\u00e4mtliche Bereiche der Linie 7 ohne Zeitbeschr\u00e4nkung nutzen. Achtet dabei auf die FFP2-Maskenpflicht in allen Bereichen. Nur beim konsumieren von Speisen und Getr\u00e4nken und direkt bei der Sportaus\u00fcbung (also an der Wand oder an den Ger\u00e4ten) darf die Maske abgelegt werden.<\/p>\n\n\n\n<p>Kinder und Jugendliche unter 16 Jahren sind ohne Weiteres, Jugendliche ab 16, wenn sie eine Schulbescheinigung vorlegen, sowie Menschen, die sich aus gesundheitlichen Gr\u00fcnden nicht impfen lassen k\u00f6nnen, von der 2G-Regel ausgenommen. Letztere m\u00fcssen ein aktuelles negatives Testergebnis nachweisen.<\/p>\n\n\n\n<p><strong> Folgende Ma\u00dfnahmen haben unabh\u00e4ngig von der 3G\/2G\/2G+ Regel Bestand und sind einzuhalten (sie haben bis auf Widerruf kein Ablaufdatum!):<\/strong><\/p>\n\n\n\n<p><strong>Aktuelle Fassung (regelm\u00e4\u00dfig anhand der Entwicklung und dem daraus resultierenden Stufenmodell und der Coronaverorndung aktualisiert)<\/strong><\/p>\n\n\n\n<p><strong>Zus\u00e4tzliche Ma\u00dfnahmen:<\/strong> Zugrunde der Coronaverordung liegt unserer Hygienekonzept in der Linie 7, dieses beruft sich auf die aktuelle Hospitalisierungsrate. <\/p>\n\n\n\n<p>Wr behalten uns kurzfristige \u00c4nderungen aufgrund der Hospitalisierungsinzidenz vor.<\/p>\n\n\n\n<ol><li>In der gesamten Anlage gilt Maskenpflicht (entf\u00e4llt ab 2.4.22)<\/li><li>Die Beschr\u00e4nkung der maximalen Personenanzahl ist bis auf weiteres aufgehoben.<\/li><li>Jede anwesende Person hat seine Kontaktdaten im Rahmen der Coronaverordnung anzugeben. Dies geschieht vorzugsweise \u00fcber den Check-in mit der &#8222;Linie 7 Karte&#8220; am Tresen. G\u00e4ste, welche zB. nur einen Gastroartikel erwerben m\u00f6chten, k\u00f6nnen ihre Kontaktdaten auch auf einem Formular hinterlassen. Ist noch keine Linie 7 Karte vorhanden &#8211; zB bei Neukunden oder Verlust, kann eine Karte in der Linie ausgestellt werden.<\/li><li>Beim Betreten der Linie bitte die H\u00e4nde desinfiziert und\/oder die H\u00e4nde gr\u00fcndlich gewaschen.<\/li><li>Weiterhin gilt, kein Zutritt bei Krankheitsanzeichen!<\/li><li>Die Abstandsregeln in der Linie 7 sind ebenfalls bis auf weiteres aufgehoben<\/li><li>Materialausleihe ist wie gewohnt m\u00f6glich, die Gastro und WCs sind ge\u00f6ffnet auch die Umkleiden und Duschen<\/li><\/ol>\n","protected":false},"excerpt":{"rendered":"<p>Ab 2.4.22 f\u00e4llt bei uns die Maskenpflicht sowie 3G weg! Wir empfehlen trotzdem das tragen einer mindestens medizinischen Maske und begr\u00fc\u00dfen ein freiwilliges Testen, sowie einen verantwortungsvollen Umgang mit der Situation! &#8212;&#8212;&#8212;&#8212;&#8212;&#8212;&#8212;&#8212;&#8212;&#8212;&#8212;&#8212;&#8212;&#8212;&#8212;&#8212;&#8212;&#8212;&#8212;&#8212;&#8212;&#8212;&#8212;&#8212;&#8212;&#8212;&#8212;&#8212;&#8212;&#8212;&#8212;&#8212;&#8212;&#8212;&#8212;&#8212;&#8212;&#8212;&#8212;&#8212;&#8212;&#8212;&#8212;&#8212;&#8212;&#8212;&#8212;&#8212;&#8212;&#8212;&#8212;&#8212;&#8212;&#8212;&#8211; Wir halten uns an die Vorgaben der Stadt Bremen und deren Warnstufen Modell. Achtung, ab 04.03.22 gilt bei uns wieder die 3G Regel! [&hellip;]<\/p>\n","protected":false},"author":2,"featured_media":0,"parent":0,"menu_order":0,"comment_status":"closed","ping_status":"closed","template":"","meta":{"footnotes":""},"_links":{"self":[{"href":"https:\/\/www.linie7.com\/linie7_cms\/wp-json\/wp\/v2\/pages\/3121"}],"collection":[{"href":"https:\/\/www.linie7.com\/linie7_cms\/wp-json\/wp\/v2\/pages"}],"about":[{"href":"https:\/\/www.linie7.com\/linie7_cms\/wp-json\/wp\/v2\/types\/page"}],"author":[{"embeddable":true,"href":"https:\/\/www.linie7.com\/linie7_cms\/wp-json\/wp\/v2\/users\/2"}],"replies":[{"embeddable":true,"href":"https:\/\/www.linie7.com\/linie7_cms\/wp-json\/wp\/v2\/comments?post=3121"}],"version-history":[{"count":35,"href":"https:\/\/www.linie7.com\/linie7_cms\/wp-json\/wp\/v2\/pages\/3121\/revisions"}],"predecessor-version":[{"id":3911,"href":"https:\/\/www.linie7.com\/linie7_cms\/wp-json\/wp\/v2\/pages\/3121\/revisions\/3911"}],"wp:attachment":[{"href":"https:\/\/www.linie7.com\/linie7_cms\/wp-json\/wp\/v2\/media?parent=3121"}],"curies":[{"name":"wp","href":"https:\/\/api.w.org\/{rel}","templated":true}]}}