{"id":396,"date":"2014-11-11T22:15:33","date_gmt":"2014-11-11T20:15:33","guid":{"rendered":"http:\/\/www.linie7.com\/linie7_cms\/?page_id=396"},"modified":"2024-12-13T11:24:28","modified_gmt":"2024-12-13T09:24:28","slug":"impressum","status":"publish","type":"page","link":"https:\/\/www.linie7.com\/linie7_cms\/impressum\/","title":{"rendered":"Impressum"},"content":{"rendered":"<p>Angaben gem\u00e4\u00df \u00a7 5 Digitale Dienste Gesetz:<\/p>\n<p>Linie 7 GmbH<\/p>\n<p>Bouldern in Bremen<br \/>\nBrunnenhofstr. 6 <strong>(hier wird nur verwaltet, nicht gebouldert)<\/strong><br \/>\n28717 Bremen<\/p>\n<p>Deutschland<\/p>\n<p><strong>Betriebst\u00e4tte (hier wird nur gebouldert, also keine Post hinschicken):<\/strong><\/p>\n<p>Beim Handelsmuseum9, Tor 43<br \/>\n28195 Bremen<\/p>\n<p>Deutschland<\/p>\n<p>Handelsregister Bremen (HRB): 40604<\/p>\n<p>Registergericht: Amtsgericht Bremen<\/p>\n<p>Umsatzsteuer-ID: 449799878<\/p>\n<p>Linie 7 GmbH wird vertreten durch den Gesch\u00e4ftsf\u00fchrer:<\/p>\n<p>Franziskus Denk<\/p>\n<p>Kontakt:<\/p>\n<p>Telefon: 0421-57730327<\/p>\n<p>Telefax: 0421-57730329<\/p>\n<p>E-Mail: info ( -at- ) linie7.com<\/p>\n<p>Aufsichtsbeh\u00f6rde:<\/p>\n<p>Gewerbeamt Bremen<\/p>\n<p>Dieses Impressum gilt f\u00fcr die Domainnamen:<\/p>\n<p>http:\/\/www.linie7.com<\/p>\n<p>http:\/\/www.linie7.net<\/p>\n<p>http:\/\/www.linie7.org<\/p>\n<p>http:\/\/www.linie7.de<\/p>\n<p>http:\/\/www.boulderninbremen.de<\/p>\n<p>die Facebookseite: http:\/\/www.facebook.com\/Linie7inBremen<\/p>\n<p>und die Instagramseite: linie_7<\/p>\n<p>Der journalistisch-redaktionelle Inhaltsverantwortliche ist:<\/p>\n<p>Franziskus Denk<\/p>\n<p>Brunnenhofstr. 6<\/p>\n<p>28717 Bremen<\/p>\n<p>info(-at-)linie7.(Komm)<\/p>\n<p>Haftungsausschluss:<\/p>\n<p>Haftung f\u00fcr Inhalte<\/p>\n<p>Die Inhalte unserer Seiten wurden mit gr\u00f6\u00dfter Sorgfalt erstellt. F\u00fcr die Richtigkeit, Vollst\u00e4ndigkeit und Aktualit\u00e4t der Inhalte k\u00f6nnen wir jedoch keine Gew\u00e4hr \u00fcbernehmen. Als Diensteanbieter sind wir gem\u00e4\u00df \u00a7 7 Abs.1 DDG f\u00fcr eigene Inhalte auf diesen Seiten nach den allgemeinen Gesetzen verantwortlich. Nach \u00a7\u00a7 8 bis 10 DDG sind wir als Diensteanbieter jedoch nicht verpflichtet, \u00fcbermittelte oder gespeicherte fremde Informationen zu \u00fcberwachen oder nach Umst\u00e4nden zu forschen, die auf eine rechtswidrige T\u00e4tigkeit hinweisen. Verpflichtungen zur Entfernung oder Sperrung der Nutzung von Informationen nach den allgemeinen Gesetzen bleiben hiervon unber\u00fchrt. Eine diesbez\u00fcgliche Haftung ist jedoch erst ab dem Zeitpunkt der Kenntnis einer konkreten Rechtsverletzung m\u00f6glich. Bei Bekanntwerden von entsprechenden Rechtsverletzungen werden wir diese Inhalte umgehend entfernen.<\/p>\n<p>Haftung f\u00fcr Links<\/p>\n<p>Unser Angebot enth\u00e4lt Links zu externen Webseiten Dritter, auf deren Inhalte wir keinen Einfluss haben. Deshalb k\u00f6nnen wir f\u00fcr diese fremden Inhalte auch keine Gew\u00e4hr \u00fcbernehmen. F\u00fcr die Inhalte der verlinkten Seiten ist stets der jeweilige Anbieter oder Betreiber der Seiten verantwortlich. Die verlinkten Seiten wurden zum Zeitpunkt der Verlinkung auf m\u00f6gliche Rechtsverst\u00f6\u00dfe \u00fcberpr\u00fcft. Rechtswidrige Inhalte waren zum Zeitpunkt der Verlinkung nicht erkennbar. Eine permanente inhaltliche Kontrolle der verlinkten Seiten ist jedoch ohne konkrete Anhaltspunkte einer Rechtsverletzung nicht zumutbar. Bei Bekanntwerden von Rechtsverletzungen werden wir derartige Links umgehend entfernen.<\/p>\n<p>Urheberrecht<\/p>\n<p>Die durch die Seitenbetreiber erstellten Inhalte und Werke auf diesen Seiten unterliegen dem deutschen Urheberrecht. Die Vervielf\u00e4ltigung, Bearbeitung, Verbreitung und jede Art der Verwertung au\u00dferhalb der Grenzen des Urheberrechtes bed\u00fcrfen der schriftlichen Zustimmung des jeweiligen Autors bzw. Erstellers. Downloads und Kopien dieser Seite sind nur f\u00fcr den privaten, nicht kommerziellen Gebrauch gestattet. Soweit die Inhalte auf dieser Seite nicht vom Betreiber erstellt wurden, werden die Urheberrechte Dritter beachtet. Insbesondere werden Inhalte Dritter als solche gekennzeichnet. Sollten Sie trotzdem auf eine Urheberrechtsverletzung aufmerksam werden, bitten wir um einen entsprechenden Hinweis. Bei Bekanntwerden von Rechtsverletzungen werden wir derartige Inhalte umgehend entfernen.<\/p>\n<p>Datenschutz<\/p>\n<p>Bei Fragen zur Erhebung, Verarbeitung oder Nutzung Ihrer personenbezogenen Daten, bei Ausk\u00fcnften, Berichtigung, Sperrung oder L\u00f6schung von Daten sowie Widerruf erteilter Einwilligungen wenden Sie sich bitte an unseren Datenschutzbeauftragten unter datenschutz(-at-)linie7.(Komm)<\/p>\n","protected":false},"excerpt":{"rendered":"<p>Angaben gem\u00e4\u00df \u00a7 5 Digitale Dienste Gesetz: Linie 7 GmbH Bouldern in Bremen Brunnenhofstr. 6 (hier wird nur verwaltet, nicht gebouldert) 28717 Bremen Deutschland Betriebst\u00e4tte (hier wird nur gebouldert, also keine Post hinschicken): Beim Handelsmuseum9, Tor 43 28195 Bremen Deutschland Handelsregister Bremen (HRB): 40604 Registergericht: Amtsgericht Bremen Umsatzsteuer-ID: 449799878 Linie 7 GmbH wird vertreten durch [&hellip;]<\/p>\n","protected":false},"author":1,"featured_media":0,"parent":0,"menu_order":0,"comment_status":"closed","ping_status":"closed","template":"","meta":{"footnotes":""},"_links":{"self":[{"href":"https:\/\/www.linie7.com\/linie7_cms\/wp-json\/wp\/v2\/pages\/396"}],"collection":[{"href":"https:\/\/www.linie7.com\/linie7_cms\/wp-json\/wp\/v2\/pages"}],"about":[{"href":"https:\/\/www.linie7.com\/linie7_cms\/wp-json\/wp\/v2\/types\/page"}],"author":[{"embeddable":true,"href":"https:\/\/www.linie7.com\/linie7_cms\/wp-json\/wp\/v2\/users\/1"}],"replies":[{"embeddable":true,"href":"https:\/\/www.linie7.com\/linie7_cms\/wp-json\/wp\/v2\/comments?post=396"}],"version-history":[{"count":12,"href":"https:\/\/www.linie7.com\/linie7_cms\/wp-json\/wp\/v2\/pages\/396\/revisions"}],"predecessor-version":[{"id":4758,"href":"https:\/\/www.linie7.com\/linie7_cms\/wp-json\/wp\/v2\/pages\/396\/revisions\/4758"}],"wp:attachment":[{"href":"https:\/\/www.linie7.com\/linie7_cms\/wp-json\/wp\/v2\/media?parent=396"}],"curies":[{"name":"wp","href":"https:\/\/api.w.org\/{rel}","templated":true}]}}