{"id":4517,"date":"2024-04-29T17:44:32","date_gmt":"2024-04-29T15:44:32","guid":{"rendered":"https:\/\/www.linie7.com\/linie7_cms\/?page_id=4517"},"modified":"2026-04-06T19:09:39","modified_gmt":"2026-04-06T17:09:39","slug":"chalks-up-kids-faq","status":"publish","type":"page","link":"https:\/\/www.linie7.com\/linie7_cms\/chalks-up-kids-faq\/","title":{"rendered":"Chalks up! Kids &#8211; FAQ"},"content":{"rendered":"\n<p><strong>Was ist \u201eChalks up! Kids\u201c?<\/strong><\/p>\n\n\n\n<p>Das ist die \u201eChalks up!\u201c Variante f\u00fcr die L\u00fctten. Ihr kommt mit euren vom Bouldern begeisterten Kids am 17. Mai zu uns, meldet euch vor Ort am Tresen und zuvor in der Boulderapp an (weitere Infos weiter unten) und dann wird vier Stunden an 30 spannenden Bouldern in der kleinen Halle und im Sektor Schaufenster gebouldert. Anschlie\u00dfend werfen wir den Grill an, nebenbei gibts Eis und Pizza und weitere kleine Goodies.<\/p>\n\n\n\n<p><strong>Ist die Halle dann f\u00fcr alle anderen geschlossen?<\/strong><\/p>\n\n\n\n<p>Nein! Ihr k\u00f6nnt wie gewohnt bei uns in der gro\u00dfen Halle bouldern oder ihr guckt den L\u00fctten zu, wie sie die Routen bezwingen. An den zwei Tagen vorher kann es allerdings zu kleineren Einschr\u00e4nkungen kommen!<\/p>\n\n\n\n<p><strong>Wie ist der Modus?<\/strong><\/p>\n\n\n\n<p>30 Boulder mit extra Flash-Wertung<\/p>\n\n\n\n<p><strong>Wie sind die Altersklassen?<\/strong><\/p>\n\n\n\n<p>6-7 Jahre, 8-10 Jahre und 11-13 Jahre<\/p>\n\n\n\n<p><strong>Wie und wann kann ich mich anmelden<\/strong>?<\/p>\n\n\n\n<p>Du kannst dein Kind vorher \u00fcber <a href=\"https:\/\/boulderapp.de\/linie-7\/chalks-up-kids-2025\">BoulderApp <\/a>anmelden (Jetzt Online!) und dann vor Ort die Startgeb\u00fchr zahlen. Wir haben keine maximale Teilnehmerzahl, theoretisch k\u00f6nnt ihr euch auch noch am 17.5. anmelden &#8211; keine Panik<\/p>\n\n\n\n<p><strong>Sollen sich die Kinder selbst anmelden?<\/strong><\/p>\n\n\n\n<p>Nein, die Anmeldung bei Boulderapp soll ausdr\u00fccklich \u00fcber die Eltern bzw. Erziehungsberechtigten geschehen!<\/p>\n\n\n\n<p><strong>Was kostet die Teilnahme?<\/strong><\/p>\n\n\n\n<p>13\u20ac<\/p>\n\n\n\n<p><strong>Was genau bekomme ich f\u00fcr die 13\u20ac?<\/strong><\/p>\n\n\n\n<p>In erster Linie die Teilnahme an einem spa\u00dfigen Wettkampf&#8230; und nat\u00fcrlich ein Shirt*, eine Scorekarte, kleine Goodies von unserem Sponsor Mantel Climbing im Starterpack und einen moderierten Wettkampf gegen Kids in der selben Altersklasse. Eis und was leckeres von unserem Sponsor Starkeb\u00e4cker gibt&#8217;s unabh\u00e4ngig von der Teilnahme f\u00fcr jeden gratis*, au\u00dferdem gibt&#8217;s erstmals in der Linie 7 Pizza (zum kleinen Preis) und wir werfen den Grill an&#8230;<\/p>\n\n\n\n<p><strong>Wann d\u00fcrfen die \u00e4lteren (\u00fc13) an die Boulder?<\/strong><\/p>\n\n\n\n<p>Direkt nach den Chalks up! Kids werden die Routen f\u00fcr alle freigegeben, also ab 15:01 Uhr &#x1f642;<\/p>\n\n\n\n<p><strong>Wie ist das Programm?<\/strong><\/p>\n\n\n\n<p>Es wird eine entspannte Bouldersession ohne gro\u00dfen Wettkampfcharakter. Daf\u00fcr soll aber der Spa\u00df an erster Stelle stehen!<br>Wenn dir zu warm wird, holst du dir einfach ein gratis Eis und schaust den anderen beim Bouldern zu. <\/p>\n\n\n\n<p><strong>Wie l\u00e4uft das mit dem Grillen?<\/strong><\/p>\n\n\n\n<p>Wir werfen den Grill an, du wirfst dein mitgebrachtes Grillgut drauf.<\/p>\n\n\n\n<p><strong>Was ist im Starterpack?<\/strong><\/p>\n\n\n\n<p>Das ist wie immer eine \u00dcberraschung. Was kleines. Solange der Vorrat reicht!<\/p>\n\n\n\n<p><strong>Es gibt gratis Eis?<\/strong><\/p>\n\n\n\n<p>Ja, f\u00fcr alle! Egal ob du teilnimmst oder nur zuguckst. (Solange der Vorrat reicht)<\/p>\n","protected":false},"excerpt":{"rendered":"<p>Was ist \u201eChalks up! Kids\u201c? Das ist die \u201eChalks up!\u201c Variante f\u00fcr die L\u00fctten. Ihr kommt mit euren vom Bouldern begeisterten Kids am 17. Mai zu uns, meldet euch vor Ort am Tresen und zuvor in der Boulderapp an (weitere Infos weiter unten) und dann wird vier Stunden an 30 spannenden Bouldern in der kleinen [&hellip;]<\/p>\n","protected":false},"author":2,"featured_media":0,"parent":0,"menu_order":0,"comment_status":"closed","ping_status":"closed","template":"","meta":{"footnotes":""},"_links":{"self":[{"href":"https:\/\/www.linie7.com\/linie7_cms\/wp-json\/wp\/v2\/pages\/4517"}],"collection":[{"href":"https:\/\/www.linie7.com\/linie7_cms\/wp-json\/wp\/v2\/pages"}],"about":[{"href":"https:\/\/www.linie7.com\/linie7_cms\/wp-json\/wp\/v2\/types\/page"}],"author":[{"embeddable":true,"href":"https:\/\/www.linie7.com\/linie7_cms\/wp-json\/wp\/v2\/users\/2"}],"replies":[{"embeddable":true,"href":"https:\/\/www.linie7.com\/linie7_cms\/wp-json\/wp\/v2\/comments?post=4517"}],"version-history":[{"count":8,"href":"https:\/\/www.linie7.com\/linie7_cms\/wp-json\/wp\/v2\/pages\/4517\/revisions"}],"predecessor-version":[{"id":4839,"href":"https:\/\/www.linie7.com\/linie7_cms\/wp-json\/wp\/v2\/pages\/4517\/revisions\/4839"}],"wp:attachment":[{"href":"https:\/\/www.linie7.com\/linie7_cms\/wp-json\/wp\/v2\/media?parent=4517"}],"curies":[{"name":"wp","href":"https:\/\/api.w.org\/{rel}","templated":true}]}}