{"id":4931,"date":"2025-09-01T11:54:33","date_gmt":"2025-09-01T09:54:33","guid":{"rendered":"https:\/\/www.linie7.com\/linie7_cms\/?page_id=4931"},"modified":"2025-09-01T13:24:56","modified_gmt":"2025-09-01T11:24:56","slug":"chalks-up-2025-faq","status":"publish","type":"page","link":"https:\/\/www.linie7.com\/linie7_cms\/chalks-up-2025-faq\/","title":{"rendered":"Chalks up 2025 FAQ"},"content":{"rendered":"\n<p>Am 6.9. startet Chalks up! 25 bei uns und falls ihr noch Fragen habt, werdet ihr hier vielleicht f\u00fcndig:<\/p>\n\n\n\n<p><strong>Von wann bis wann geht CU?<\/strong><\/p>\n\n\n\n<p>Chalks up hat eine Qualifikationsphase und ein Finale. Die Qualifikation startet am 6.9. um 10 Uhr und endet am 5.10. um 22 Uhr. Das Finale ist am 11.10. &#8211; der genaue Zeitplan und Ablauf f\u00fcr das Finale folgt!<\/p>\n\n\n\n<p><strong>Muss man am 6.9. starten, oder kann man auch zwischendrin einsteigen?<\/strong><\/p>\n\n\n\n<p>Du kannst jederzeit einsteigen und loslegen, theoretisch auch am letzten Tag der Qualifikationsphase.<\/p>\n\n\n\n<p><strong>Wie mache ich denn mit?<\/strong><\/p>\n\n\n\n<p>Du best\u00e4tigst deine Teilnahme <a href=\"https:\/\/boulderapp.de\/linie-7\/chalks-up-2025\">hier<\/a> und wenn du dann in der Linie bist, zahlst du deine Teilnahmegeb\u00fchr, bekommst dein Starterpaket und kannst direkt loslegen&#8230; Du kreuzt auf der Scorekarte alle Boulder an, die du geflasht oder getoppt hast und \u00fcbertr\u00e4gst es auf Boulderapp.<\/p>\n\n\n\n<p><strong>Du bist noch recht neu und kennst bestimmte Begriffe (zB Flash) nicht oder was es mit einer Scorekarte auf sich hat?<\/strong><\/p>\n\n\n\n<p>Kein Problem, frag einfach direkt am Tresen nach oder deine Mitstreiter*innen in der Halle \ud83d\ude42 Daran soll deine Teilnahme nicht scheitern.<\/p>\n\n\n\n<p><strong>Man kann ja einfach beschei\u00dfen, wenn man selber die Boulder eintragen kann&#8230;<\/strong>!?<\/p>\n\n\n\n<p>Theoretisch kann man das. Das ist allerdings aus mehreren Gr\u00fcnden eine sehr schlechte Idee. Wir behalten uns vor, T\u00e4uschungen mit dem Ausschluss von Chalks up zu bestrafen. Zudem w\u00fcrde man mit schummeln im Finale auf \u00e4u\u00dferst peinliche Weise auffliegen. Und last but not least: es ist ein \u00e4u\u00dferst unsportliches, unfaires und asoziales Verhalten, was im Sport allgemein und erst recht beim Bouldern, absolut nichts verloren hat.<\/p>\n\n\n\n<p><strong>Was kostet die Teilnahme?<\/strong><\/p>\n\n\n\n<p>wie im letzten Jahr: 22 Euro<\/p>\n\n\n\n<p><strong>Was bekomme ich daf\u00fcr?<\/strong><\/p>\n\n\n\n<p>50 spannende und herausfordernde Qualifikationsboulder, eine gute Zeit, Spa\u00df im battle mit den anderen, ein Shirt und ein paar weitere Goodies unserer Sponsoren. Au\u00dferdem die Chance auf tolle Gewinne&#8230;<\/p>\n\n\n\n<p><strong>Naja, ich glaube nicht das ich mich f\u00fcr&#8217;s Finale Qualifiziere, was soll ich also gewinnen?<\/strong><\/p>\n\n\n\n<p>Alle Teilnehmer*innen haben die Chance auf tolle Gewinne, welche beim Finale verlost werden!<\/p>\n\n\n\n<p><strong>Ich bin trotzdem nicht gut genug, warum sollte ich also mitmachen?<\/strong><\/p>\n\n\n\n<p>Chalks up ist ein Boulderevent f\u00fcr <em>alle<\/em> Boulderer*innen! Egal f\u00fcr wie gut oder schlecht du dich h\u00e4ltst, du kommst garantiert auf deine Kosten. Schnapp dir eine*n Freund*in und messe dich, hab einfach eine gute Zeit in der Halle, freue dich \u00fcber ein lokal bedrucktes, hochwertiges, faires, Bio-Shirt&#8230;<\/p>\n\n\n\n<p><strong>Was gibt es denn f\u00fcr die drei best-plaziertesten zu gewinnen?<\/strong><\/p>\n\n\n\n<p>Neben tollen Preisen unserer Sponsoren gibt es wieder Kohle zu gewinnen! 150\u20ac, 100\u20ac und 50\u20ac jeweils in beiden Geschlechterkategorien!<\/p>\n\n\n\n<p><strong>Affenstark! Und wieviele qualifizieren sich f\u00fcr&#8217;s Finale?<\/strong><\/p>\n\n\n\n<p>Die 10 besten Frauen und die 10 besten M\u00e4nner<\/p>\n\n\n\n<p><strong>Wer sind denn die Sponsoren?<\/strong><\/p>\n\n\n\n<p>Wir freuen uns dieses Jahr \u00fcber die Unterst\u00fctzung von Mantle Climbing, Ocun, dem Martinshof (Textilwerkstatt), Lemonaid &amp; Charitea.<\/p>\n\n\n\n<p>Noch irgendwas unklar? Schick uns eine Mail: info@linie7.com! <\/p>\n","protected":false},"excerpt":{"rendered":"<p>Am 6.9. startet Chalks up! 25 bei uns und falls ihr noch Fragen habt, werdet ihr hier vielleicht f\u00fcndig: Von wann bis wann geht CU? Chalks up hat eine Qualifikationsphase und ein Finale. Die Qualifikation startet am 6.9. um 10 Uhr und endet am 5.10. um 22 Uhr. Das Finale ist am 11.10. &#8211; der [&hellip;]<\/p>\n","protected":false},"author":2,"featured_media":0,"parent":0,"menu_order":0,"comment_status":"closed","ping_status":"closed","template":"","meta":{"footnotes":""},"_links":{"self":[{"href":"https:\/\/www.linie7.com\/linie7_cms\/wp-json\/wp\/v2\/pages\/4931"}],"collection":[{"href":"https:\/\/www.linie7.com\/linie7_cms\/wp-json\/wp\/v2\/pages"}],"about":[{"href":"https:\/\/www.linie7.com\/linie7_cms\/wp-json\/wp\/v2\/types\/page"}],"author":[{"embeddable":true,"href":"https:\/\/www.linie7.com\/linie7_cms\/wp-json\/wp\/v2\/users\/2"}],"replies":[{"embeddable":true,"href":"https:\/\/www.linie7.com\/linie7_cms\/wp-json\/wp\/v2\/comments?post=4931"}],"version-history":[{"count":2,"href":"https:\/\/www.linie7.com\/linie7_cms\/wp-json\/wp\/v2\/pages\/4931\/revisions"}],"predecessor-version":[{"id":4934,"href":"https:\/\/www.linie7.com\/linie7_cms\/wp-json\/wp\/v2\/pages\/4931\/revisions\/4934"}],"wp:attachment":[{"href":"https:\/\/www.linie7.com\/linie7_cms\/wp-json\/wp\/v2\/media?parent=4931"}],"curies":[{"name":"wp","href":"https:\/\/api.w.org\/{rel}","templated":true}]}}